{"id":26735,"date":"2023-02-06T13:49:50","date_gmt":"2023-02-06T12:49:50","guid":{"rendered":"https:\/\/evida.be\/boutiques-affiliees\/"},"modified":"2023-02-06T13:49:52","modified_gmt":"2023-02-06T12:49:52","slug":"boutiques-affiliees","status":"publish","type":"page","link":"https:\/\/evida.be\/fr\/boutiques-affiliees\/","title":{"rendered":"Boutiques affili\u00e9es"},"content":{"rendered":"<div class=\"wpb-content-wrapper\">[vc_row full_width=\u00a0\u00bbstretch_row\u00a0\u00bb content_placement=\u00a0\u00bbmiddle\u00a0\u00bb gap=\u00a0\u00bb20&Prime; equal_height=\u00a0\u00bbyes\u00a0\u00bb remove_bottom_col_margin=\u00a0\u00bbtrue\u00a0\u00bb bg_style=\u00a0\u00bbstretch\u00a0\u00bb css=\u00a0\u00bb.vc_custom_1662453144518{padding-top: 40px !important;padding-bottom: 30px !important;}\u00a0\u00bb][vc_column]<h1 class=\"vcex-heading vcex-heading-plain vcex-module wpex-heading wpex-text-2xl wpex-h1 vc_custom_1673520745406\"><span class=\"vcex-heading-inner wpex-inline-block\">Points de vente<\/span><\/h1>[vc_column_text text_align=\u00a0\u00bbleft\u00a0\u00bb color=\u00a0\u00bb#59192d\u00a0\u00bb font_weight=\u00a0\u00bb500&Prime; font_size=\u00a0\u00bbd:20|tp:18|pl:18|pp:18&Prime; css=\u00a0\u00bb.vc_custom_1649163669726{padding-bottom: 10px !important;}\u00a0\u00bb]TALKING. THINKING. ACTING&#8230; <span class=\"together\">TOGETHER.<\/span>[\/vc_column_text][vc_column_text]Hieronder vind je een overzicht van de verkooppunten van onze merken. Bij elk van hen kan je dan \u00e9\u00e9n of meerdere van onze collecties terugvinden. Veel retailers genieten al jaren van onze services \u00e9n de kwaliteit van onze merken, verspreid over heel Belgi\u00eb. Allemaal hebben ze \u00e9\u00e9n ding gemeen: <strong>real fashion for real people<\/strong>. Allen gaan we voor draagbare en betaalbare mode. Samen zorgen wij voor gelukkige vrouwen in prachtige outfits.<\/p>\n<p>Geloof jij ook in fashion die vrouwen kan doen stralen, ongeacht de maat? En wil jij ook kwalitatieve collecties in je winkel met interessante marges? Wil je dus ook opgenomen worden als \u00e9\u00e9n van de verkooppunten van onze merken? Contacteer ons dan snel! Wij stellen onze collecties graag aan je voor.<\/p>\n<p>Opgelet, wij werken voor sommige merken met een exclusiviteitsregio. Vraag dus zeker aan \u00e9\u00e9n van onze collega&rsquo;s voor welke merken je in aanmerking kan komen.[\/vc_column_text][\/vc_column][\/vc_row][vc_row full_width=\u00a0\u00bbstretch_row\u00a0\u00bb equal_height=\u00a0\u00bbyes\u00a0\u00bb bg_style=\u00a0\u00bbstretch\u00a0\u00bb css=\u00a0\u00bb.vc_custom_1673963894310{margin-bottom: 40px !important;}\u00a0\u00bb][vc_column css=\u00a0\u00bb.vc_custom_1666009566598{padding-top: 40px !important;padding-bottom: 40px !important;}\u00a0\u00bb]<div class=\"vcex-shortcode wpex-clr\"><style>\r\n\t#wpsl-stores .wpsl-store-thumb {height:45px !important; width:45px !important;}\r\n\t#wpsl-stores, #wpsl-direction-details, #wpsl-gmap {height:350px !important;}\r\n\t#wpsl-gmap .wpsl-info-window {max-width:225px !important;}\r\n\t.wpsl-input label, #wpsl-radius label, #wpsl-category label {width:95px;}\r\n\t#wpsl-search-input  {width:179px;}\r\n<\/style>\r\n<div id=\"wpsl-wrap\">\r\n\t<div class=\"wpsl-search wpsl-clearfix wpsl-filter wpsl-checkboxes-enabled\">\r\n\t\t<div id=\"wpsl-search-wrap\">\r\n\t\t\t<form autocomplete=\"off\">\r\n\t\t\t<div class=\"wpsl-input\">\r\n\t\t\t\t<div><label for=\"wpsl-search-input\">Votre emplacement<\/label><\/div>\r\n\t\t\t\t<input id=\"wpsl-search-input\" type=\"text\" value=\"\" name=\"wpsl-search-input\" placeholder=\"\" aria-required=\"true\" \/>\r\n\t\t\t<\/div>\r\n\t\t\t<div class=\"wpsl-select-wrap\">\r\n\t\t\t\t<div id=\"wpsl-radius\">\r\n\t\t\t\t\t<label for=\"wpsl-radius-dropdown\">P\u00e9rim\u00e8tre de recherche<\/label>\r\n\t\t\t\t\t<select id=\"wpsl-radius-dropdown\" class=\"wpsl-dropdown\" name=\"wpsl-radius\">\r\n\t\t\t\t\t\t<option value=\"10\">10 km<\/option><option value=\"25\">25 km<\/option><option selected=\"selected\" value=\"50\">50 km<\/option><option value=\"100\">100 km<\/option><option value=\"200\">200 km<\/option><option value=\"500\">500 km<\/option>\r\n\t\t\t\t\t<\/select>\r\n\t\t\t\t<\/div>\r\n\t\t\t\t<div id=\"wpsl-results\">\r\n\t\t\t\t\t<label for=\"wpsl-results-dropdown\">R\u00e9sultats<\/label>\r\n\t\t\t\t\t<select id=\"wpsl-results-dropdown\" class=\"wpsl-dropdown\" name=\"wpsl-results\">\r\n\t\t\t\t\t\t<option selected=\"selected\" value=\"25\">25<\/option><option value=\"50\">50<\/option><option value=\"75\">75<\/option><option value=\"100\">100<\/option>\r\n\t\t\t\t\t<\/select>\r\n\t\t\t\t<\/div>\r\n\t\t\t<\/div>\r\n<ul id=\"wpsl-checkbox-filter\" class=\"wpsl-checkbox-3-columns\"><li><label><input type=\"checkbox\" value=\"120\"  \/>Anyday<\/label><\/li><li><label><input type=\"checkbox\" value=\"65\"  \/>Base Level<\/label><\/li><li><label><input type=\"checkbox\" value=\"69\"  \/>Base Level Curvy<\/label><\/li><li><label><input type=\"checkbox\" value=\"110\"  \/>Classic<\/label><\/li><li><label><input type=\"checkbox\" value=\"70\"  \/>Colletta<\/label><\/li><li><label><input type=\"checkbox\" value=\"127\"  \/>Coraille<\/label><\/li><li><label><input type=\"checkbox\" value=\"66\"  \/>ES&amp;SY<\/label><\/li><li><label><input type=\"checkbox\" value=\"111\"  \/>Escape<\/label><\/li><li><label><input type=\"checkbox\" value=\"115\"  \/>Exxcellent<\/label><\/li><li><label><input type=\"checkbox\" value=\"67\"  \/>Ivy Beau<\/label><\/li><li><label><input type=\"checkbox\" value=\"112\"  \/>Jiffy Steamer<\/label><\/li><li><label><input type=\"checkbox\" value=\"128\"  \/>Made Public<\/label><\/li><li><label><input type=\"checkbox\" value=\"109\"  \/>One Summer<\/label><\/li><li><label><input type=\"checkbox\" value=\"96\"  \/>Orientique<\/label><\/li><li><label><input type=\"checkbox\" value=\"121\"  \/>OWYest<\/label><\/li><li><label><input type=\"checkbox\" value=\"122\"  \/>OWYesta<\/label><\/li><li><label><input type=\"checkbox\" value=\"108\"  \/>STUDIO<\/label><\/li><li><label><input type=\"checkbox\" value=\"80\"  \/>This is Fashion<\/label><\/li><li><label><input type=\"checkbox\" value=\"126\"  \/>Vai Juwelen<\/label><\/li><li><label><input type=\"checkbox\" value=\"68\"  \/>Yest<\/label><\/li><li><label><input type=\"checkbox\" value=\"125\"  \/>Yest Curve<\/label><\/li><\/ul>\t\t\t\t<div class=\"wpsl-search-btn-wrap\"><input id=\"wpsl-search-btn\" type=\"submit\" value=\"Rechercher\"><\/div>\r\n\t\t<\/form>\r\n\t\t<\/div>\r\n\t<\/div>\r\n\t<div id=\"wpsl-gmap\" class=\"wpsl-gmap-canvas\"><\/div>\r\n\t<div id=\"wpsl-result-list\">\r\n\t\t<div id=\"wpsl-stores\" >\r\n\t\t\t<ul><\/ul>\r\n\t\t<\/div>\r\n\t\t<div id=\"wpsl-direction-details\">\r\n\t\t\t<ul><\/ul>\r\n\t\t<\/div>\r\n\t<\/div>\r\n<\/div>\r\n<\/div>[\/vc_column][\/vc_row][vc_row full_width=\u00a0\u00bbstretch_row\u00a0\u00bb column_spacing=\u00a0\u00bb40&Prime; remove_bottom_col_margin=\u00a0\u00bbtrue\u00a0\u00bb bg_style=\u00a0\u00bbstretch\u00a0\u00bb css=\u00a0\u00bb.vc_custom_1662453111667{padding-top: 80px !important;padding-bottom: 40px !important;background-color: #eee7ea !important;}\u00a0\u00bb][vc_column][vc_column_text css=\u00a0\u00bb.vc_custom_1649166606757{padding-bottom: 50px !important;}\u00a0\u00bb]Depuis 2000, l\u2019agence Evida est sp\u00e9cialis\u00e9e dans les marques de v\u00eatements qui prennent en compte toutes les morphologies. Nos crit\u00e8res de s\u00e9lection pour choisir une marque ? Qu\u2019elle propose au moins des v\u00eatements allant jusqu\u2019\u00e0 la taille 48, qu\u2019elle soit de qualit\u00e9, qu\u2019elle respecte toutes les femmes et apporte un rendement optimal en boutique. Nous proposons des marques dans des styles et des gammes de prix tr\u00e8s diff\u00e9rents. Nombre de nos marques proposent \u00e9galement un stock direct sur leur boutique en ligne B2B.[\/vc_column_text]<div class=\"templatera_shortcode\"><style type=\"text\/css\" data-type=\"vc_shortcodes-custom-css\">.vc_custom_1649228866125{padding-top: 80px !important;}.vc_custom_1649082414918{margin-bottom: 40px !important;}.vc_custom_1673872112134{padding-bottom: 30px !important;}<\/style><div class=\"vc_row wpb_row vc_row-fluid vc_custom_1649228866125 wpex-vc-full-width-row wpex-vc-full-width-row--centered wpex-relative wpex-vc-has-custom-column-spacing wpex-vc-column-spacing-0px no-bottom-margins\"><div class=\"wpb_column vc_column_container vc_col-sm-12\"><div class=\"vc_column-inner vc_custom_1649082414918\"><div class=\"wpb_wrapper\"><style>.vcex-heading.vcex_69f4811195b16{font-size:30px;font-weight:900;}@media (max-width:1024px){.vcex-heading.vcex_69f4811195b16{font-size:26px;}}@media (max-width:959px){.vcex-heading.vcex_69f4811195b16{font-size:26px;}}@media (max-width:767px){.vcex-heading.vcex_69f4811195b16{font-size:24px;}}@media (max-width:479px){.vcex-heading.vcex_69f4811195b16{font-size:24px;}}<\/style><h2 class=\"vcex-heading vcex-heading-plain vcex-module wpex-heading wpex-text-2xl wpex-h2 wpex-text-center vc_custom_1673872112134 vcex_69f4811195b16\"><span class=\"vcex-heading-inner wpex-inline-block\">Nos marques<\/span><\/h2><style class=\"vcex-carousel-preload-css\">.vcex_69f4811199b31{--wpex-carousel-gap:15px;}.vcex_69f4811199b31{--wpex-carousel-columns:1;}.vcex_69f4811199b31.wpex-carousel:not(.wpex-carousel--loaded) > *:not(:nth-child(1n+2)){display: flex !important;}@media only screen and (min-width: 480px) {.vcex_69f4811199b31{--wpex-carousel-columns:2;}.vcex_69f4811199b31.wpex-carousel:not(.wpex-carousel--loaded) > *:not(:nth-child(1n+3)){display: flex !important;}}@media only screen and (min-width: 768px) {.vcex_69f4811199b31{--wpex-carousel-columns:3;}.vcex_69f4811199b31.wpex-carousel:not(.wpex-carousel--loaded) > *:not(:nth-child(1n+4)){display: flex !important;}}@media only screen and (min-width: 960px) {.vcex_69f4811199b31{--wpex-carousel-columns:6;}.vcex_69f4811199b31.wpex-carousel:not(.wpex-carousel--loaded) > *:not(:nth-child(1n+7)){display: flex !important;}}<\/style><div class=\"vcex-image-carousel wpex-carousel wpex-carousel-images wpex-clr vcex-module owl-carousel wpex-carousel--render-onload vcex_69f4811199b31 arrwstyle-slim arrwpos-center\" data-wpex-carousel=\"{&quot;autoplay&quot;:&quot;true&quot;,&quot;slideBy&quot;:1,&quot;items&quot;:6,&quot;responsive&quot;:{&quot;0&quot;:{&quot;items&quot;:&quot;1&quot;},&quot;480&quot;:{&quot;items&quot;:&quot;2&quot;},&quot;768&quot;:{&quot;items&quot;:&quot;3&quot;},&quot;960&quot;:{&quot;items&quot;:6}},&quot;smartSpeed&quot;:1000,&quot;autoplayTimeout&quot;:2000}\"><div class=\"wpex-carousel-slide wpex-text-center\"><figure class=\"wpex-carousel-entry-media entry-media wpex-relative wpex-mb-20\"><a href=\"https:\/\/evida.be\/collecties\/essy\/\" class=\"wpex-carousel-entry-img\"><img data-no-lazy=\"1\" class=\"wpex-align-middle skip-lazy\" src=\"https:\/\/evida.be\/wp-content\/uploads\/2022\/03\/logo_es-sy.png\" alt=\"\" srcset=\"https:\/\/evida.be\/wp-content\/uploads\/2022\/03\/logo_es-sy.png 500w, https:\/\/evida.be\/wp-content\/uploads\/2022\/03\/logo_es-sy-300x300.png 300w, https:\/\/evida.be\/wp-content\/uploads\/2022\/03\/logo_es-sy-150x150.png 150w, https:\/\/evida.be\/wp-content\/uploads\/2022\/03\/logo_es-sy-120x120.png 120w, https:\/\/evida.be\/wp-content\/uploads\/2022\/03\/logo_es-sy-250x250.png 250w\" width=\"500\" height=\"500\"><\/a><\/figure><\/div><div class=\"wpex-carousel-slide wpex-text-center\"><figure class=\"wpex-carousel-entry-media entry-media wpex-relative wpex-mb-20\"><a href=\"https:\/\/evida.be\/collecties\/base-level-curvy\/\" class=\"wpex-carousel-entry-img\"><img data-no-lazy=\"1\" class=\"wpex-align-middle skip-lazy\" src=\"https:\/\/evida.be\/wp-content\/uploads\/2022\/03\/logo_base-level-curvy.png\" alt=\"\" srcset=\"https:\/\/evida.be\/wp-content\/uploads\/2022\/03\/logo_base-level-curvy.png 500w, https:\/\/evida.be\/wp-content\/uploads\/2022\/03\/logo_base-level-curvy-300x300.png 300w, https:\/\/evida.be\/wp-content\/uploads\/2022\/03\/logo_base-level-curvy-150x150.png 150w, https:\/\/evida.be\/wp-content\/uploads\/2022\/03\/logo_base-level-curvy-120x120.png 120w, https:\/\/evida.be\/wp-content\/uploads\/2022\/03\/logo_base-level-curvy-250x250.png 250w\" width=\"500\" height=\"500\"><\/a><\/figure><\/div><div class=\"wpex-carousel-slide wpex-text-center\"><figure class=\"wpex-carousel-entry-media entry-media wpex-relative wpex-mb-20\"><a href=\"https:\/\/evida.be\/collecties\/base-level\/\" class=\"wpex-carousel-entry-img\"><img data-no-lazy=\"1\" class=\"wpex-align-middle skip-lazy\" src=\"https:\/\/evida.be\/wp-content\/uploads\/2022\/03\/logo_base-level.png\" alt=\"\" srcset=\"https:\/\/evida.be\/wp-content\/uploads\/2022\/03\/logo_base-level.png 500w, https:\/\/evida.be\/wp-content\/uploads\/2022\/03\/logo_base-level-300x300.png 300w, https:\/\/evida.be\/wp-content\/uploads\/2022\/03\/logo_base-level-150x150.png 150w, https:\/\/evida.be\/wp-content\/uploads\/2022\/03\/logo_base-level-40x40.png 40w, https:\/\/evida.be\/wp-content\/uploads\/2022\/03\/logo_base-level-100x100.png 100w, https:\/\/evida.be\/wp-content\/uploads\/2022\/03\/logo_base-level-120x120.png 120w, https:\/\/evida.be\/wp-content\/uploads\/2022\/03\/logo_base-level-250x250.png 250w\" width=\"500\" height=\"500\"><\/a><\/figure><\/div><div class=\"wpex-carousel-slide wpex-text-center\"><figure class=\"wpex-carousel-entry-media entry-media wpex-relative wpex-mb-20\"><a href=\"https:\/\/evida.be\/fr\/yestcurve\/\" class=\"wpex-carousel-entry-img\"><img data-no-lazy=\"1\" class=\"wpex-align-middle skip-lazy\" src=\"https:\/\/evida.be\/wp-content\/uploads\/2025\/11\/Yest-Curve-caroussel.png\" alt=\"\" srcset=\"https:\/\/evida.be\/wp-content\/uploads\/2025\/11\/Yest-Curve-caroussel.png 500w, https:\/\/evida.be\/wp-content\/uploads\/2025\/11\/Yest-Curve-caroussel-300x300.png 300w, https:\/\/evida.be\/wp-content\/uploads\/2025\/11\/Yest-Curve-caroussel-150x150.png 150w\" width=\"500\" height=\"500\"><\/a><\/figure><\/div><div class=\"wpex-carousel-slide wpex-text-center\"><figure class=\"wpex-carousel-entry-media entry-media wpex-relative wpex-mb-20\"><a href=\"https:\/\/evida.be\/collecties\/yest\/\" class=\"wpex-carousel-entry-img\"><img data-no-lazy=\"1\" class=\"wpex-align-middle skip-lazy\" src=\"https:\/\/evida.be\/wp-content\/uploads\/2025\/11\/Sjabloon-logos-carroussel-website-500-x-500-px.png\" alt=\"\" srcset=\"https:\/\/evida.be\/wp-content\/uploads\/2025\/11\/Sjabloon-logos-carroussel-website-500-x-500-px.png 500w, https:\/\/evida.be\/wp-content\/uploads\/2025\/11\/Sjabloon-logos-carroussel-website-500-x-500-px-300x300.png 300w, https:\/\/evida.be\/wp-content\/uploads\/2025\/11\/Sjabloon-logos-carroussel-website-500-x-500-px-150x150.png 150w\" width=\"500\" height=\"500\"><\/a><\/figure><\/div><div class=\"wpex-carousel-slide wpex-text-center\"><figure class=\"wpex-carousel-entry-media entry-media wpex-relative wpex-mb-20\"><a href=\"https:\/\/evida.be\/collecties\/ivy-beau\/\" class=\"wpex-carousel-entry-img\"><img data-no-lazy=\"1\" class=\"wpex-align-middle skip-lazy\" src=\"https:\/\/evida.be\/wp-content\/uploads\/2022\/06\/ivy-beau.png\" alt=\"\" srcset=\"https:\/\/evida.be\/wp-content\/uploads\/2022\/06\/ivy-beau.png 500w, https:\/\/evida.be\/wp-content\/uploads\/2022\/06\/ivy-beau-300x300.png 300w, https:\/\/evida.be\/wp-content\/uploads\/2022\/06\/ivy-beau-150x150.png 150w, https:\/\/evida.be\/wp-content\/uploads\/2022\/06\/ivy-beau-120x120.png 120w, https:\/\/evida.be\/wp-content\/uploads\/2022\/06\/ivy-beau-250x250.png 250w\" width=\"500\" height=\"500\"><\/a><\/figure><\/div><div class=\"wpex-carousel-slide wpex-text-center\"><figure class=\"wpex-carousel-entry-media entry-media wpex-relative wpex-mb-20\"><a href=\"https:\/\/evida.be\/collecties\/colletta\/\" class=\"wpex-carousel-entry-img\"><img data-no-lazy=\"1\" class=\"wpex-align-middle skip-lazy\" src=\"https:\/\/evida.be\/wp-content\/uploads\/2022\/08\/colleta.jpg\" alt=\"\" srcset=\"https:\/\/evida.be\/wp-content\/uploads\/2022\/08\/colleta.jpg 500w, https:\/\/evida.be\/wp-content\/uploads\/2022\/08\/colleta-300x300.jpg 300w, https:\/\/evida.be\/wp-content\/uploads\/2022\/08\/colleta-150x150.jpg 150w\" width=\"500\" height=\"500\"><\/a><\/figure><\/div><div class=\"wpex-carousel-slide wpex-text-center\"><figure class=\"wpex-carousel-entry-media entry-media wpex-relative wpex-mb-20\"><a href=\"https:\/\/evida.be\/collecties\/orientique\/\" class=\"wpex-carousel-entry-img\"><img data-no-lazy=\"1\" class=\"wpex-align-middle skip-lazy\" src=\"https:\/\/evida.be\/wp-content\/uploads\/2022\/12\/orientique-e1671795924686.jpg\" alt=\"\" srcset=\"https:\/\/evida.be\/wp-content\/uploads\/2022\/12\/orientique-e1671795924686.jpg 250w, https:\/\/evida.be\/wp-content\/uploads\/2022\/12\/orientique-e1671795924686-150x150.jpg 150w, https:\/\/evida.be\/wp-content\/uploads\/2022\/12\/orientique-e1671795924686-125x125.jpg 125w, https:\/\/evida.be\/wp-content\/uploads\/2022\/12\/orientique-e1671795924686-45x45.jpg 45w\" width=\"250\" height=\"250\"><\/a><\/figure><\/div><div class=\"wpex-carousel-slide wpex-text-center\"><figure class=\"wpex-carousel-entry-media entry-media wpex-relative wpex-mb-20\"><a href=\"https:\/\/evida.be\/collecties\/escape\/\" class=\"wpex-carousel-entry-img\"><img data-no-lazy=\"1\" class=\"wpex-align-middle skip-lazy\" src=\"https:\/\/evida.be\/wp-content\/uploads\/2023\/07\/Logo-website-500x500-2.png\" alt=\"\" srcset=\"https:\/\/evida.be\/wp-content\/uploads\/2023\/07\/Logo-website-500x500-2.png 500w, https:\/\/evida.be\/wp-content\/uploads\/2023\/07\/Logo-website-500x500-2-300x300.png 300w, https:\/\/evida.be\/wp-content\/uploads\/2023\/07\/Logo-website-500x500-2-150x150.png 150w\" width=\"500\" height=\"500\"><\/a><\/figure><\/div><div class=\"wpex-carousel-slide wpex-text-center\"><figure class=\"wpex-carousel-entry-media entry-media wpex-relative wpex-mb-20\"><a href=\"https:\/\/evida.be\/collecties\/studio\/\" class=\"wpex-carousel-entry-img\"><img data-no-lazy=\"1\" class=\"wpex-align-middle skip-lazy\" src=\"https:\/\/evida.be\/wp-content\/uploads\/2023\/07\/Logo-website-500x500-3.png\" alt=\"\" srcset=\"https:\/\/evida.be\/wp-content\/uploads\/2023\/07\/Logo-website-500x500-3.png 500w, https:\/\/evida.be\/wp-content\/uploads\/2023\/07\/Logo-website-500x500-3-300x300.png 300w, https:\/\/evida.be\/wp-content\/uploads\/2023\/07\/Logo-website-500x500-3-150x150.png 150w\" width=\"500\" height=\"500\"><\/a><\/figure><\/div><div class=\"wpex-carousel-slide wpex-text-center\"><figure class=\"wpex-carousel-entry-media entry-media wpex-relative wpex-mb-20\"><a href=\"https:\/\/evida.be\/fr\/anyday\/\" class=\"wpex-carousel-entry-img\"><img data-no-lazy=\"1\" class=\"wpex-align-middle skip-lazy\" src=\"https:\/\/evida.be\/wp-content\/uploads\/2024\/02\/Sjabloon-logos-carroussel-website-500-x-500-px.png\" alt=\"\" srcset=\"https:\/\/evida.be\/wp-content\/uploads\/2024\/02\/Sjabloon-logos-carroussel-website-500-x-500-px.png 500w, https:\/\/evida.be\/wp-content\/uploads\/2024\/02\/Sjabloon-logos-carroussel-website-500-x-500-px-300x300.png 300w, https:\/\/evida.be\/wp-content\/uploads\/2024\/02\/Sjabloon-logos-carroussel-website-500-x-500-px-150x150.png 150w\" width=\"500\" height=\"500\"><\/a><\/figure><\/div><\/div><\/div><\/div><\/div><\/div><\/div>[\/vc_column][\/vc_row]\n<\/div>","protected":false},"excerpt":{"rendered":"","protected":false},"author":2,"featured_media":0,"parent":0,"menu_order":0,"comment_status":"closed","ping_status":"closed","template":"","meta":{"_monsterinsights_skip_tracking":false,"_monsterinsights_sitenote_active":false,"_monsterinsights_sitenote_note":"","_monsterinsights_sitenote_category":0,"footnotes":""},"class_list":["post-26735","page","type-page","status-publish","hentry","entry","no-media"],"yoast_head":"<!-- This site is optimized with the Yoast SEO plugin v26.8 - https:\/\/yoast.com\/product\/yoast-seo-wordpress\/ -->\n<title>Points de vente de nos marques<\/title>\n<meta name=\"description\" content=\"D\u00e9couvrez o\u00f9 trouver nos marques. Vous souhaitez voir votre boutique figurer parmi les points de vente de nos marques ? Contactez-nous.\" \/>\n<meta name=\"robots\" content=\"index, follow, max-snippet:-1, max-image-preview:large, max-video-preview:-1\" \/>\n<link rel=\"canonical\" href=\"https:\/\/evida.be\/fr\/boutiques-affiliees\/\" \/>\n<meta property=\"og:locale\" content=\"fr_FR\" \/>\n<meta property=\"og:type\" content=\"article\" \/>\n<meta property=\"og:title\" content=\"Points de vente de nos marques\" \/>\n<meta property=\"og:description\" content=\"D\u00e9couvrez o\u00f9 trouver nos marques. Vous souhaitez voir votre boutique figurer parmi les points de vente de nos marques ? Contactez-nous.\" \/>\n<meta property=\"og:url\" content=\"https:\/\/evida.be\/fr\/boutiques-affiliees\/\" \/>\n<meta property=\"og:site_name\" content=\"Evida\" \/>\n<meta property=\"article:publisher\" content=\"https:\/\/www.facebook.com\/agentuurevida\" \/>\n<meta property=\"article:modified_time\" content=\"2023-02-06T12:49:52+00:00\" \/>\n<meta name=\"twitter:card\" content=\"summary_large_image\" \/>\n<meta name=\"twitter:label1\" content=\"Dur\u00e9e de lecture estim\u00e9e\" \/>\n\t<meta name=\"twitter:data1\" content=\"2 minutes\" \/>\n<script type=\"application\/ld+json\" class=\"yoast-schema-graph\">{\"@context\":\"https:\/\/schema.org\",\"@graph\":[{\"@type\":\"WebPage\",\"@id\":\"https:\/\/evida.be\/fr\/boutiques-affiliees\/\",\"url\":\"https:\/\/evida.be\/fr\/boutiques-affiliees\/\",\"name\":\"Points de vente de nos marques\",\"isPartOf\":{\"@id\":\"https:\/\/evida.be\/#website\"},\"datePublished\":\"2023-02-06T12:49:50+00:00\",\"dateModified\":\"2023-02-06T12:49:52+00:00\",\"description\":\"D\u00e9couvrez o\u00f9 trouver nos marques. Vous souhaitez voir votre boutique figurer parmi les points de vente de nos marques ? Contactez-nous.\",\"breadcrumb\":{\"@id\":\"https:\/\/evida.be\/fr\/boutiques-affiliees\/#breadcrumb\"},\"inLanguage\":\"fr-FR\",\"potentialAction\":[{\"@type\":\"ReadAction\",\"target\":[\"https:\/\/evida.be\/fr\/boutiques-affiliees\/\"]}]},{\"@type\":\"BreadcrumbList\",\"@id\":\"https:\/\/evida.be\/fr\/boutiques-affiliees\/#breadcrumb\",\"itemListElement\":[{\"@type\":\"ListItem\",\"position\":1,\"name\":\"Home\",\"item\":\"https:\/\/evida.be\/fr\/\"},{\"@type\":\"ListItem\",\"position\":2,\"name\":\"Boutiques affili\u00e9es\"}]},{\"@type\":\"WebSite\",\"@id\":\"https:\/\/evida.be\/#website\",\"url\":\"https:\/\/evida.be\/\",\"name\":\"Evida\",\"description\":\"Talking, Thinking, Acting... Together\",\"publisher\":{\"@id\":\"https:\/\/evida.be\/#organization\"},\"potentialAction\":[{\"@type\":\"SearchAction\",\"target\":{\"@type\":\"EntryPoint\",\"urlTemplate\":\"https:\/\/evida.be\/?s={search_term_string}\"},\"query-input\":{\"@type\":\"PropertyValueSpecification\",\"valueRequired\":true,\"valueName\":\"search_term_string\"}}],\"inLanguage\":\"fr-FR\"},{\"@type\":\"Organization\",\"@id\":\"https:\/\/evida.be\/#organization\",\"name\":\"Evida\",\"url\":\"https:\/\/evida.be\/\",\"logo\":{\"@type\":\"ImageObject\",\"inLanguage\":\"fr-FR\",\"@id\":\"https:\/\/evida.be\/#\/schema\/logo\/image\/\",\"url\":\"https:\/\/evida.be\/wp-content\/uploads\/2022\/03\/Logo_Evida.png\",\"contentUrl\":\"https:\/\/evida.be\/wp-content\/uploads\/2022\/03\/Logo_Evida.png\",\"width\":284,\"height\":92,\"caption\":\"Evida\"},\"image\":{\"@id\":\"https:\/\/evida.be\/#\/schema\/logo\/image\/\"},\"sameAs\":[\"https:\/\/www.facebook.com\/agentuurevida\",\"https:\/\/www.instagram.com\/evida_agentuur\/\"]}]}<\/script>\n<!-- \/ Yoast SEO plugin. -->","yoast_head_json":{"title":"Points de vente de nos marques","description":"D\u00e9couvrez o\u00f9 trouver nos marques. Vous souhaitez voir votre boutique figurer parmi les points de vente de nos marques ? Contactez-nous.","robots":{"index":"index","follow":"follow","max-snippet":"max-snippet:-1","max-image-preview":"max-image-preview:large","max-video-preview":"max-video-preview:-1"},"canonical":"https:\/\/evida.be\/fr\/boutiques-affiliees\/","og_locale":"fr_FR","og_type":"article","og_title":"Points de vente de nos marques","og_description":"D\u00e9couvrez o\u00f9 trouver nos marques. Vous souhaitez voir votre boutique figurer parmi les points de vente de nos marques ? Contactez-nous.","og_url":"https:\/\/evida.be\/fr\/boutiques-affiliees\/","og_site_name":"Evida","article_publisher":"https:\/\/www.facebook.com\/agentuurevida","article_modified_time":"2023-02-06T12:49:52+00:00","twitter_card":"summary_large_image","twitter_misc":{"Dur\u00e9e de lecture estim\u00e9e":"2 minutes"},"schema":{"@context":"https:\/\/schema.org","@graph":[{"@type":"WebPage","@id":"https:\/\/evida.be\/fr\/boutiques-affiliees\/","url":"https:\/\/evida.be\/fr\/boutiques-affiliees\/","name":"Points de vente de nos marques","isPartOf":{"@id":"https:\/\/evida.be\/#website"},"datePublished":"2023-02-06T12:49:50+00:00","dateModified":"2023-02-06T12:49:52+00:00","description":"D\u00e9couvrez o\u00f9 trouver nos marques. Vous souhaitez voir votre boutique figurer parmi les points de vente de nos marques ? Contactez-nous.","breadcrumb":{"@id":"https:\/\/evida.be\/fr\/boutiques-affiliees\/#breadcrumb"},"inLanguage":"fr-FR","potentialAction":[{"@type":"ReadAction","target":["https:\/\/evida.be\/fr\/boutiques-affiliees\/"]}]},{"@type":"BreadcrumbList","@id":"https:\/\/evida.be\/fr\/boutiques-affiliees\/#breadcrumb","itemListElement":[{"@type":"ListItem","position":1,"name":"Home","item":"https:\/\/evida.be\/fr\/"},{"@type":"ListItem","position":2,"name":"Boutiques affili\u00e9es"}]},{"@type":"WebSite","@id":"https:\/\/evida.be\/#website","url":"https:\/\/evida.be\/","name":"Evida","description":"Talking, Thinking, Acting... Together","publisher":{"@id":"https:\/\/evida.be\/#organization"},"potentialAction":[{"@type":"SearchAction","target":{"@type":"EntryPoint","urlTemplate":"https:\/\/evida.be\/?s={search_term_string}"},"query-input":{"@type":"PropertyValueSpecification","valueRequired":true,"valueName":"search_term_string"}}],"inLanguage":"fr-FR"},{"@type":"Organization","@id":"https:\/\/evida.be\/#organization","name":"Evida","url":"https:\/\/evida.be\/","logo":{"@type":"ImageObject","inLanguage":"fr-FR","@id":"https:\/\/evida.be\/#\/schema\/logo\/image\/","url":"https:\/\/evida.be\/wp-content\/uploads\/2022\/03\/Logo_Evida.png","contentUrl":"https:\/\/evida.be\/wp-content\/uploads\/2022\/03\/Logo_Evida.png","width":284,"height":92,"caption":"Evida"},"image":{"@id":"https:\/\/evida.be\/#\/schema\/logo\/image\/"},"sameAs":["https:\/\/www.facebook.com\/agentuurevida","https:\/\/www.instagram.com\/evida_agentuur\/"]}]}},"_links":{"self":[{"href":"https:\/\/evida.be\/fr\/wp-json\/wp\/v2\/pages\/26735","targetHints":{"allow":["GET"]}}],"collection":[{"href":"https:\/\/evida.be\/fr\/wp-json\/wp\/v2\/pages"}],"about":[{"href":"https:\/\/evida.be\/fr\/wp-json\/wp\/v2\/types\/page"}],"author":[{"embeddable":true,"href":"https:\/\/evida.be\/fr\/wp-json\/wp\/v2\/users\/2"}],"replies":[{"embeddable":true,"href":"https:\/\/evida.be\/fr\/wp-json\/wp\/v2\/comments?post=26735"}],"version-history":[{"count":1,"href":"https:\/\/evida.be\/fr\/wp-json\/wp\/v2\/pages\/26735\/revisions"}],"predecessor-version":[{"id":26736,"href":"https:\/\/evida.be\/fr\/wp-json\/wp\/v2\/pages\/26735\/revisions\/26736"}],"wp:attachment":[{"href":"https:\/\/evida.be\/fr\/wp-json\/wp\/v2\/media?parent=26735"}],"curies":[{"name":"wp","href":"https:\/\/api.w.org\/{rel}","templated":true}]}}